{"id":479,"date":"2023-06-26T13:58:06","date_gmt":"2023-06-26T16:58:06","guid":{"rendered":"http:\/\/campeonato.liganacionalkungfu.com.br\/index.php\/hestia-front\/"},"modified":"2023-08-21T09:20:28","modified_gmt":"2023-08-21T12:20:28","slug":"hestia-front","status":"publish","type":"page","link":"https:\/\/campeonato.liganacionalkungfu.com.br\/index.php\/hestia-front\/","title":{"rendered":"Ficha de Inscri\u00e7\u00e3o"},"content":{"rendered":"\n<p>Para inscrever seu atleta, basta copiar a ficha abaixo, preencher e enviar ao e-mail campeonato.liganacionalkungfu.com.br junto ao <strong><mark style=\"background-color:rgba(0, 0, 0, 0)\" class=\"has-inline-color has-luminous-vivid-amber-color\">comprovante de pagamento<\/mark><\/strong>.<\/p>\n\n\n\n<p><\/p>\n\n\n\n<ul>\n<li>Nome da equipe:<\/li>\n\n\n\n<li>Nome do professor respons\u00e1vel:<\/li>\n\n\n\n<li>Contato do professor:<\/li>\n\n\n\n<li>Nome do atleta:<\/li>\n\n\n\n<li>RG do atleta:<\/li>\n\n\n\n<li>Idade:<\/li>\n\n\n\n<li>Categorias da inscri\u00e7\u00e3o:<\/li>\n\n\n\n<li>Categoria de peso (no caso de esportes de combate):<\/li>\n\n\n\n<li>N\u00edvel de experi\u00eancia (iniciante, intermedi\u00e1rio, avan\u00e7ado) e quantidade de lutas (no caso do Sanda):<\/li>\n\n\n\n<li>Foto do comprovante de pagamento.<\/li>\n<\/ul>\n\n\n\n<div class=\"wp-block-buttons is-layout-flex wp-block-buttons-is-layout-flex\">\n<div class=\"wp-block-button\"><a class=\"wp-block-button__link wp-element-button\" href=\"https:\/\/campeonato.liganacionalkungfu.com.br\/index.php\/2022\/08\/26\/regulamentooficial\/\" target=\"_blank\" rel=\"noreferrer noopener\"><strong>Regulamento completo<\/strong><\/a><\/div>\n<\/div>\n","protected":false},"excerpt":{"rendered":"<p>Para inscrever seu atleta, basta copiar a ficha abaixo, preencher e enviar ao e-mail campeonato.liganacionalkungfu.com.br junto ao comprovante de pagamento.<\/p>\n","protected":false},"author":1,"featured_media":11,"parent":0,"menu_order":0,"comment_status":"closed","ping_status":"closed","template":"","meta":{"om_disable_all_campaigns":false,"_monsterinsights_skip_tracking":false,"_monsterinsights_sitenote_active":false,"_monsterinsights_sitenote_note":"","_monsterinsights_sitenote_category":0,"_uf_show_specific_survey":0,"_uf_disable_surveys":false,"footnotes":""},"aioseo_notices":[],"_links":{"self":[{"href":"https:\/\/campeonato.liganacionalkungfu.com.br\/index.php\/wp-json\/wp\/v2\/pages\/479"}],"collection":[{"href":"https:\/\/campeonato.liganacionalkungfu.com.br\/index.php\/wp-json\/wp\/v2\/pages"}],"about":[{"href":"https:\/\/campeonato.liganacionalkungfu.com.br\/index.php\/wp-json\/wp\/v2\/types\/page"}],"author":[{"embeddable":true,"href":"https:\/\/campeonato.liganacionalkungfu.com.br\/index.php\/wp-json\/wp\/v2\/users\/1"}],"replies":[{"embeddable":true,"href":"https:\/\/campeonato.liganacionalkungfu.com.br\/index.php\/wp-json\/wp\/v2\/comments?post=479"}],"version-history":[{"count":2,"href":"https:\/\/campeonato.liganacionalkungfu.com.br\/index.php\/wp-json\/wp\/v2\/pages\/479\/revisions"}],"predecessor-version":[{"id":567,"href":"https:\/\/campeonato.liganacionalkungfu.com.br\/index.php\/wp-json\/wp\/v2\/pages\/479\/revisions\/567"}],"wp:featuredmedia":[{"embeddable":true,"href":"https:\/\/campeonato.liganacionalkungfu.com.br\/index.php\/wp-json\/wp\/v2\/media\/11"}],"wp:attachment":[{"href":"https:\/\/campeonato.liganacionalkungfu.com.br\/index.php\/wp-json\/wp\/v2\/media?parent=479"}],"curies":[{"name":"wp","href":"https:\/\/api.w.org\/{rel}","templated":true}]}}